{"id":22,"date":"2009-09-06T09:19:51","date_gmt":"2009-09-06T07:19:51","guid":{"rendered":"http:\/\/avantquecacommence.free.fr\/wp\/?page_id=22"},"modified":"2024-11-10T14:39:06","modified_gmt":"2024-11-10T13:39:06","slug":"pratique","status":"publish","type":"page","link":"https:\/\/www.avantquecacommence.fr\/wp\/?page_id=22","title":{"rendered":"Pratique"},"content":{"rendered":"<p><strong>Chorale de copines et de copains r\u00e9unis pour le plaisir et pour le chant&#8230;<\/strong> Notre r\u00e9pertoire est compos\u00e9 de vari\u00e9t\u00e9 fran\u00e7aise, internationale et de standards de jazz que nous interpr\u00e9tons dans des versions r\u00e9adapt\u00e9es.<\/p>\n<h3>R\u00e9p\u00e9titions<\/h3>\n<p>Elles ont lieu au Kremlin Bic\u00eatre, tous les mercredis de 19h45 \u00e0 22H00 durant la p\u00e9riode scolaire.<\/p>\n<h3>Cotisation<\/h3>\n<p>La cotisation est de 50 \u20ac par an.<\/p>\n<h3>Statuts<\/h3>\n<p>But &#8211; L&rsquo;association a pour but de rassembler des personnes qui veulent chanter en groupe des standards internationaux de vari\u00e9t\u00e9 et de jazz.<\/p>\n<p>Lire la suite, <a href=\"http:\/\/www.avantquecacommence.fr\/wp\/wp-content\/uploads\/2009\/09\/Statuts-v4-5.pdf\">Statuts chorale Avant que \u00e7a commence<\/a> (f\u00e9vrier 2018,pdf).<\/p>\n\n\n<p><\/p>\n","protected":false},"excerpt":{"rendered":"<p>Chorale de copines et de copains r\u00e9unis pour le plaisir et pour le chant&#8230; Notre r\u00e9pertoire est compos\u00e9 de vari\u00e9t\u00e9 fran\u00e7aise, internationale et de standards de jazz que nous interpr\u00e9tons dans des versions r\u00e9adapt\u00e9es. R\u00e9p\u00e9titions Elles ont lieu au Kremlin Bic\u00eatre, tous les mercredis de 19h45 \u00e0 22H00 durant la p\u00e9riode scolaire. Cotisation La cotisation [&hellip;]<\/p>\n","protected":false},"author":2,"featured_media":0,"parent":0,"menu_order":0,"comment_status":"closed","ping_status":"closed","template":"","meta":{"ngg_post_thumbnail":0,"footnotes":""},"class_list":["post-22","page","type-page","status-publish","hentry"],"_links":{"self":[{"href":"https:\/\/www.avantquecacommence.fr\/wp\/index.php?rest_route=\/wp\/v2\/pages\/22","targetHints":{"allow":["GET"]}}],"collection":[{"href":"https:\/\/www.avantquecacommence.fr\/wp\/index.php?rest_route=\/wp\/v2\/pages"}],"about":[{"href":"https:\/\/www.avantquecacommence.fr\/wp\/index.php?rest_route=\/wp\/v2\/types\/page"}],"author":[{"embeddable":true,"href":"https:\/\/www.avantquecacommence.fr\/wp\/index.php?rest_route=\/wp\/v2\/users\/2"}],"replies":[{"embeddable":true,"href":"https:\/\/www.avantquecacommence.fr\/wp\/index.php?rest_route=%2Fwp%2Fv2%2Fcomments&post=22"}],"version-history":[{"count":20,"href":"https:\/\/www.avantquecacommence.fr\/wp\/index.php?rest_route=\/wp\/v2\/pages\/22\/revisions"}],"predecessor-version":[{"id":2218,"href":"https:\/\/www.avantquecacommence.fr\/wp\/index.php?rest_route=\/wp\/v2\/pages\/22\/revisions\/2218"}],"wp:attachment":[{"href":"https:\/\/www.avantquecacommence.fr\/wp\/index.php?rest_route=%2Fwp%2Fv2%2Fmedia&parent=22"}],"curies":[{"name":"wp","href":"https:\/\/api.w.org\/{rel}","templated":true}]}}