{"id":35,"date":"2009-09-06T11:45:20","date_gmt":"2009-09-06T09:45:20","guid":{"rendered":"http:\/\/avantquecacommence.free.fr\/wp\/?page_id=35"},"modified":"2020-02-07T18:50:22","modified_gmt":"2020-02-07T17:50:22","slug":"repertoire","status":"publish","type":"page","link":"https:\/\/www.avantquecacommence.fr\/wp\/?page_id=35","title":{"rendered":"R\u00e9pertoire"},"content":{"rendered":"<p>&nbsp;<\/p>\n<p>Voici un petit aper\u00e7u de notre r\u00e9pertoire, les chansons sont enregistr\u00e9es lors de prestations ou de r\u00e9p\u00e9titions.<\/p>\n<h3>Nous \u00e9couter chanter<\/h3>\n<ul>\n<li><a title=\"ecoutez : Bidonville\" href=\"site\/mp3\/bidon.mp3\" target=\"_blank\" rel=\"noopener noreferrer\"> Bidonville<\/a>&nbsp; Claude Nougaro<\/li>\n<li><a title=\"ecoutez : Couleur caf\u00e9\" href=\"site\/mp3\/couleur-cafe.mp3\" target=\"_blank\" rel=\"noopener noreferrer\">Couleur caf\u00e9 <\/a>Serge Gainsbourg<\/li>\n<li><a title=\"ecoutez : Guantanamera\" href=\"site\/mp3\/guanta.mp3\" target=\"_blank\" rel=\"noopener noreferrer\">Guantanamera <\/a>Jos\u00e9 Fernandez Diaz<\/li>\n<li><a title=\"ecoutez : Histoire d'un amour\" href=\"site\/mp3\/monh.mp3\" target=\"_blank\" rel=\"noopener noreferrer\"> Histoire d&rsquo;un amour <\/a>Dalida<\/li>\n<li><a title=\"ecoutez : J'vous d\u00e9range\" href=\"site\/mp3\/jvousderange.mp3\" target=\"_blank\" rel=\"noopener noreferrer\">J&rsquo;vous d\u00e9range <\/a>Eddy Mitchell<\/li>\n<li><a title=\"ecoutez : Je chante\" href=\"site\/mp3\/je-chante.mp3\" target=\"_blank\" rel=\"noopener noreferrer\">Je Chante <\/a>Charles Trenet<\/li>\n<li><a title=\"ecoutez : La montagne\" href=\"site\/mp3\/la-montagne.mp3\" target=\"_blank\" rel=\"noopener noreferrer\">La montagne <\/a>Jean Ferrat<\/li>\n<li><a title=\"ecoutez : L'homme \u00c3&nbsp; la moto\" href=\"site\/mp3\/l-a-la-moto.mp3\" target=\"_blank\" rel=\"noopener noreferrer\">L&rsquo;homme \u00e0 la moto <\/a>Edith Piaf<\/li>\n<li><a title=\"ecoutez : Le jazz et la java\" href=\"site\/mp3\/lejazz.mp3\" target=\"_blank\" rel=\"noopener noreferrer\">Le jazz et la java <\/a>Claude Nougaro<\/li>\n<li><a title=\"ecoutez : Le lion est mort ce soir\" href=\"site\/mp3\/lelion.mp3\" target=\"_blank\" rel=\"noopener noreferrer\"> Le lion est mort ce soir <\/a>Pow Wow<\/li>\n<li><a title=\"ecoutez : Les cornichons\" href=\"site\/mp3\/cornichons.mp3\" target=\"_blank\" rel=\"noopener noreferrer\">Les cornichons <\/a>Nino Ferrer<\/li>\n<li><a title=\"ecoutez : Mirza\" href=\"site\/mp3\/mirza.mp3\" target=\"_blank\" rel=\"noopener noreferrer\"> Mirza <\/a>Nino Ferrer<\/li>\n<li><a title=\"ecoutez : Poulailler song\" href=\"site\/mp3\/poulailler.mp3\" target=\"_blank\" rel=\"noopener noreferrer\">Poulailler song <\/a>Alain Souchon<\/li>\n<li><a title=\"ecoutez : Quit' la rout' Jack\" href=\"site\/mp3\/kitlaroute.mp3\" target=\"_blank\" rel=\"noopener noreferrer\">Quit&rsquo; la rout&rsquo; Jack <\/a>Ray Charles<\/li>\n<li><a title=\"ecoutez : Quizas Quizas Quizas\" href=\"site\/mp3\/quizas.mp3\" target=\"_blank\" rel=\"noopener noreferrer\"> Quizas Quizas Quizas <\/a>paroles : Nat King Cole<\/li>\n<li><a title=\"ecoutez : Scoubidou\" href=\"site\/mp3\/scoubidou.mp3\" target=\"_blank\" rel=\"noopener noreferrer\">Scoubidou <\/a>Sacha Distel<\/li>\n<li><a title=\"ecoutez : Siffler sur la colline\" href=\"site\/mp3\/siffler-sur-la-col.mp3\" target=\"_blank\" rel=\"noopener noreferrer\">Siffler sur la colline <\/a>Joe Dassin<\/li>\n<li><a title=\"ecoutez : Tico-Tico\" href=\"site\/mp3\/tico.mp3\" target=\"_blank\" rel=\"noopener noreferrer\">Tico-Tico <\/a>Dalida<\/li>\n<li><a title=\"ecoutez : Toute la pluie tombe sur moi\" href=\"site\/mp3\/toute-la-pluie.mp3\" target=\"_blank\" rel=\"noopener noreferrer\">Toute la pluie tombe sur moi <\/a>Sacha Distel<\/li>\n<li><a title=\"ecoutez : Une belle histoire\" href=\"site\/mp3\/unebelleh.mp3\" target=\"_blank\" rel=\"noopener noreferrer\">Une belle histoire <\/a>Michel Fugain<\/li>\n<\/ul>\n","protected":false},"excerpt":{"rendered":"<p>&nbsp; Voici un petit aper\u00e7u de notre r\u00e9pertoire, les chansons sont enregistr\u00e9es lors de prestations ou de r\u00e9p\u00e9titions. Nous \u00e9couter chanter Bidonville&nbsp; Claude Nougaro Couleur caf\u00e9 Serge Gainsbourg Guantanamera Jos\u00e9 Fernandez Diaz Histoire d&rsquo;un amour Dalida J&rsquo;vous d\u00e9range Eddy Mitchell Je Chante Charles Trenet La montagne Jean Ferrat L&rsquo;homme \u00e0 la moto Edith Piaf Le [&hellip;]<\/p>\n","protected":false},"author":2,"featured_media":0,"parent":0,"menu_order":0,"comment_status":"closed","ping_status":"closed","template":"","meta":{"ngg_post_thumbnail":0,"footnotes":""},"class_list":["post-35","page","type-page","status-publish","hentry"],"_links":{"self":[{"href":"https:\/\/www.avantquecacommence.fr\/wp\/index.php?rest_route=\/wp\/v2\/pages\/35","targetHints":{"allow":["GET"]}}],"collection":[{"href":"https:\/\/www.avantquecacommence.fr\/wp\/index.php?rest_route=\/wp\/v2\/pages"}],"about":[{"href":"https:\/\/www.avantquecacommence.fr\/wp\/index.php?rest_route=\/wp\/v2\/types\/page"}],"author":[{"embeddable":true,"href":"https:\/\/www.avantquecacommence.fr\/wp\/index.php?rest_route=\/wp\/v2\/users\/2"}],"replies":[{"embeddable":true,"href":"https:\/\/www.avantquecacommence.fr\/wp\/index.php?rest_route=%2Fwp%2Fv2%2Fcomments&post=35"}],"version-history":[{"count":22,"href":"https:\/\/www.avantquecacommence.fr\/wp\/index.php?rest_route=\/wp\/v2\/pages\/35\/revisions"}],"predecessor-version":[{"id":2086,"href":"https:\/\/www.avantquecacommence.fr\/wp\/index.php?rest_route=\/wp\/v2\/pages\/35\/revisions\/2086"}],"wp:attachment":[{"href":"https:\/\/www.avantquecacommence.fr\/wp\/index.php?rest_route=%2Fwp%2Fv2%2Fmedia&parent=35"}],"curies":[{"name":"wp","href":"https:\/\/api.w.org\/{rel}","templated":true}]}}