{"id":403,"date":"2009-09-18T11:30:44","date_gmt":"2009-09-18T09:30:44","guid":{"rendered":"http:\/\/avantquecacommence.free.fr\/wp\/?page_id=403"},"modified":"2015-07-06T07:42:15","modified_gmt":"2015-07-06T06:42:15","slug":"credits","status":"publish","type":"page","link":"https:\/\/www.avantquecacommence.fr\/wp\/?page_id=403","title":{"rendered":"Cr\u00e9dits"},"content":{"rendered":"<h3>Conception et r\u00e9alisation<\/h3>\n<p>Christine Leproux : <a title=\"Site Christine Leproux\" href=\"http:\/\/www.ux-ui.eu\/\" target=\"_blank\">http:\/\/www.ux-ui.eu\/<\/a><br \/>\nJacques Pirot :\u00a0<a href=\"http:\/\/www.jpsoft.fr\/\" target=\"_blank\">http:\/\/www.jpsoft.fr\/<\/a><\/p>\n<h3>Description technique<\/h3>\n<p>Le site est con\u00e7u avec <a title=\"Lien vers le site fran\u00e7ais de WordPress (nouvelle fen\u00eatre)\" href=\"http:\/\/www.wordpress-fr.net\/\" target=\"_blank\"><strong>WordPress<\/strong><\/a>, un logiciel libre sous <a href=\"http:\/\/www.gnu.org\/licenses\/gpl-2.0.html%20GNU\/GPL\">licence GNU\/GPL.<\/a><\/p>\n<h4>Le template (th\u00e8me)<\/h4>\n<p>Theme: <a title=\"site du th\u00e8me FLAT (nouvelle page)\" href=\"http:\/\/themeisle.com\/themes\/flat\/\" target=\"_blank\">Flat 1.7.2 by Themeisle<\/a>.<\/p>\n<h4>Les extensions<\/h4>\n<p>Les extensions utilis\u00e9es sont les suivantes :<\/p>\n<ul>\n<li>NextGEN Gallery by Photocrati,\u00a0<a href=\"http:\/\/www.nextgen-gallery.com\/\">NextGEN Gallery<\/a><\/li>\n<li>g\u00e9n\u00e9rateur de captcha, <a title=\"Site de l'extension en anglais (nouvelle fen\u00eatre)\" href=\"http:\/\/ideasilo.wordpress.com\/2009\/03\/14\/really-simple-captcha\/ \" target=\"_blank\">Really Simple CAPTCHA<\/a><\/li>\n<li>g\u00e9n\u00e9rateur de formulaire, <a title=\"Site de l'extension de formulaire en anglais (nouvelle fen\u00eatre)\" href=\"http:\/\/ideasilo.wordpress.com\/\" target=\"_blank\">Contact Form 7<\/a><\/li>\n<li><a href=\"https:\/\/wordpress.org\/plugins\/mp3-player\/\">Mp3 Player<\/a>,<\/li>\n<\/ul>\n","protected":false},"excerpt":{"rendered":"<p>Conception et r\u00e9alisation Christine Leproux : http:\/\/www.ux-ui.eu\/ Jacques Pirot :\u00a0http:\/\/www.jpsoft.fr\/ Description technique Le site est con\u00e7u avec WordPress, un logiciel libre sous licence GNU\/GPL. Le template (th\u00e8me) Theme: Flat 1.7.2 by Themeisle. Les extensions Les extensions utilis\u00e9es sont les suivantes : NextGEN Gallery by Photocrati,\u00a0NextGEN Gallery g\u00e9n\u00e9rateur de captcha, Really Simple CAPTCHA g\u00e9n\u00e9rateur de formulaire, [&hellip;]<\/p>\n","protected":false},"author":2,"featured_media":0,"parent":0,"menu_order":0,"comment_status":"closed","ping_status":"closed","template":"","meta":{"ngg_post_thumbnail":0,"footnotes":""},"class_list":["post-403","page","type-page","status-publish","hentry"],"_links":{"self":[{"href":"https:\/\/www.avantquecacommence.fr\/wp\/index.php?rest_route=\/wp\/v2\/pages\/403","targetHints":{"allow":["GET"]}}],"collection":[{"href":"https:\/\/www.avantquecacommence.fr\/wp\/index.php?rest_route=\/wp\/v2\/pages"}],"about":[{"href":"https:\/\/www.avantquecacommence.fr\/wp\/index.php?rest_route=\/wp\/v2\/types\/page"}],"author":[{"embeddable":true,"href":"https:\/\/www.avantquecacommence.fr\/wp\/index.php?rest_route=\/wp\/v2\/users\/2"}],"replies":[{"embeddable":true,"href":"https:\/\/www.avantquecacommence.fr\/wp\/index.php?rest_route=%2Fwp%2Fv2%2Fcomments&post=403"}],"version-history":[{"count":8,"href":"https:\/\/www.avantquecacommence.fr\/wp\/index.php?rest_route=\/wp\/v2\/pages\/403\/revisions"}],"predecessor-version":[{"id":1460,"href":"https:\/\/www.avantquecacommence.fr\/wp\/index.php?rest_route=\/wp\/v2\/pages\/403\/revisions\/1460"}],"wp:attachment":[{"href":"https:\/\/www.avantquecacommence.fr\/wp\/index.php?rest_route=%2Fwp%2Fv2%2Fmedia&parent=403"}],"curies":[{"name":"wp","href":"https:\/\/api.w.org\/{rel}","templated":true}]}}